{"id":125,"date":"2023-02-02T11:02:23","date_gmt":"2023-02-02T10:02:23","guid":{"rendered":"https:\/\/carnavaldetoulouse.fr\/site2\/?page_id=125"},"modified":"2025-04-14T10:42:29","modified_gmt":"2025-04-14T08:42:29","slug":"contact","status":"publish","type":"page","link":"https:\/\/carnavaldetoulouse.fr\/SiteCarnaval\/contact\/","title":{"rendered":"Contact"},"content":{"rendered":"\t\t<div data-elementor-type=\"wp-page\" data-elementor-id=\"125\" class=\"elementor elementor-125\" data-elementor-post-type=\"page\">\n\t\t\t\t\t\t<section class=\"elementor-section elementor-top-section elementor-element elementor-element-13dcd3d elementor-section-boxed elementor-section-height-default elementor-section-height-default\" data-id=\"13dcd3d\" data-element_type=\"section\" data-e-type=\"section\">\n\t\t\t\t\t\t<div class=\"elementor-container elementor-column-gap-default\">\n\t\t\t\t\t<div class=\"elementor-column elementor-col-50 elementor-top-column elementor-element elementor-element-a5b277f\" data-id=\"a5b277f\" data-element_type=\"column\" data-e-type=\"column\">\n\t\t\t<div class=\"elementor-widget-wrap elementor-element-populated\">\n\t\t\t\t\t\t<div class=\"elementor-element elementor-element-fc9df8b elementor-hidden-mobile elementor-widget elementor-widget-heading\" data-id=\"fc9df8b\" data-element_type=\"widget\" data-e-type=\"widget\" data-widget_type=\"heading.default\">\n\t\t\t\t<div class=\"elementor-widget-container\">\n\t\t\t\t\t<h2 class=\"elementor-heading-title elementor-size-default\">Contact<\/h2>\t\t\t\t<\/div>\n\t\t\t\t<\/div>\n\t\t\t\t<div class=\"elementor-element elementor-element-4958abf elementor-hidden-desktop elementor-hidden-tablet elementor-widget elementor-widget-heading\" data-id=\"4958abf\" data-element_type=\"widget\" data-e-type=\"widget\" data-widget_type=\"heading.default\">\n\t\t\t\t<div class=\"elementor-widget-container\">\n\t\t\t\t\t<h2 class=\"elementor-heading-title elementor-size-default\">Contact<\/h2>\t\t\t\t<\/div>\n\t\t\t\t<\/div>\n\t\t\t\t<div class=\"elementor-element elementor-element-ad326f9 elementor-widget elementor-widget-text-editor\" data-id=\"ad326f9\" data-element_type=\"widget\" data-e-type=\"widget\" data-widget_type=\"text-editor.default\">\n\t\t\t\t<div class=\"elementor-widget-container\">\n\t\t\t\t\t\t\t\t\t<h4><strong><a href=\"mailto:asso.lecocu@gmail.com\" target=\"_blank\" rel=\"noopener\">asso.le<\/a><\/strong><a href=\"mailto:asso.lecocu@gmail.com\" target=\"_blank\" rel=\"noopener\"><strong>cocu@gmail.com<\/strong><\/a><\/h4>\t\t\t\t\t\t\t\t<\/div>\n\t\t\t\t<\/div>\n\t\t\t\t\t<\/div>\n\t\t<\/div>\n\t\t\t\t<div class=\"elementor-column elementor-col-50 elementor-top-column elementor-element elementor-element-a5b545e\" data-id=\"a5b545e\" data-element_type=\"column\" data-e-type=\"column\">\n\t\t\t<div class=\"elementor-widget-wrap elementor-element-populated\">\n\t\t\t\t\t\t<div class=\"elementor-element elementor-element-c13c2fb elementor-widget elementor-widget-image\" data-id=\"c13c2fb\" data-element_type=\"widget\" data-e-type=\"widget\" data-widget_type=\"image.default\">\n\t\t\t\t<div class=\"elementor-widget-container\">\n\t\t\t\t\t\t\t\t\t\t\t\t\t\t\t<img decoding=\"async\" src=\"https:\/\/carnavaldetoulouse.fr\/SiteCarnaval\/wp-content\/uploads\/elementor\/thumbs\/Reso-qw01w8vz7oo3ev4dfwjern1xxuf745esjxanjxph4w.png\" title=\"Re\u0301so\" alt=\"Re\u0301so\" loading=\"lazy\" \/>\t\t\t\t\t\t\t\t\t\t\t\t\t\t\t<\/div>\n\t\t\t\t<\/div>\n\t\t\t\t\t<\/div>\n\t\t<\/div>\n\t\t\t\t\t<\/div>\n\t\t<\/section>\n\t\t\t\t<section class=\"elementor-section elementor-top-section elementor-element elementor-element-74622f2 elementor-section-boxed elementor-section-height-default elementor-section-height-default\" data-id=\"74622f2\" data-element_type=\"section\" data-e-type=\"section\">\n\t\t\t\t\t\t<div class=\"elementor-container elementor-column-gap-default\">\n\t\t\t\t\t<div class=\"elementor-column elementor-col-25 elementor-top-column elementor-element elementor-element-2c186b7\" data-id=\"2c186b7\" data-element_type=\"column\" data-e-type=\"column\">\n\t\t\t<div class=\"elementor-widget-wrap elementor-element-populated\">\n\t\t\t\t\t\t<div class=\"elementor-element elementor-element-6431d17 elementor-widget elementor-widget-image\" data-id=\"6431d17\" data-element_type=\"widget\" data-e-type=\"widget\" data-widget_type=\"image.default\">\n\t\t\t\t<div class=\"elementor-widget-container\">\n\t\t\t\t\t\t\t\t\t\t\t\t\t\t\t<img decoding=\"async\" width=\"150\" height=\"150\" src=\"https:\/\/carnavaldetoulouse.fr\/SiteCarnaval\/wp-content\/uploads\/2025\/01\/CLARI-MALTE-150x150.jpg\" class=\"attachment-thumbnail size-thumbnail wp-image-4777\" alt=\"\" \/>\t\t\t\t\t\t\t\t\t\t\t\t\t\t\t<\/div>\n\t\t\t\t<\/div>\n\t\t\t\t\t<\/div>\n\t\t<\/div>\n\t\t\t\t<div class=\"elementor-column elementor-col-25 elementor-top-column elementor-element elementor-element-bdfcfd6\" data-id=\"bdfcfd6\" data-element_type=\"column\" data-e-type=\"column\">\n\t\t\t<div class=\"elementor-widget-wrap elementor-element-populated\">\n\t\t\t\t\t\t<div class=\"elementor-element elementor-element-404eceb elementor-widget elementor-widget-text-editor\" data-id=\"404eceb\" data-element_type=\"widget\" data-e-type=\"widget\" data-widget_type=\"text-editor.default\">\n\t\t\t\t<div class=\"elementor-widget-container\">\n\t\t\t\t\t\t\t\t\t<p>Directrice : <br \/><strong>Clarissa D\u00c9SIR<\/strong><strong><br \/><\/strong><a href=\"mailto:asso.lecocu@gmail.com\" data-wplink-edit=\"true\">asso.lecocu@gmail.com<\/a><br \/>T. 06 63 84 12 61<\/p><p>Informations g\u00e9n\u00e9rales, partenariats, organisation&#8230;<\/p>\t\t\t\t\t\t\t\t<\/div>\n\t\t\t\t<\/div>\n\t\t\t\t\t<\/div>\n\t\t<\/div>\n\t\t\t\t<div class=\"elementor-column elementor-col-25 elementor-top-column elementor-element elementor-element-bf7d7a8\" data-id=\"bf7d7a8\" data-element_type=\"column\" data-e-type=\"column\">\n\t\t\t<div class=\"elementor-widget-wrap elementor-element-populated\">\n\t\t\t\t\t\t<div class=\"elementor-element elementor-element-1bc4e95 elementor-widget elementor-widget-image\" data-id=\"1bc4e95\" data-element_type=\"widget\" data-e-type=\"widget\" data-widget_type=\"image.default\">\n\t\t\t\t<div class=\"elementor-widget-container\">\n\t\t\t\t\t\t\t\t\t\t\t\t\t\t\t<img decoding=\"async\" width=\"150\" height=\"150\" src=\"https:\/\/carnavaldetoulouse.fr\/SiteCarnaval\/wp-content\/uploads\/2025\/01\/Laurent03-e1737123052618-150x150.png\" class=\"attachment-thumbnail size-thumbnail wp-image-4779\" alt=\"\" \/>\t\t\t\t\t\t\t\t\t\t\t\t\t\t\t<\/div>\n\t\t\t\t<\/div>\n\t\t\t\t\t<\/div>\n\t\t<\/div>\n\t\t\t\t<div class=\"elementor-column elementor-col-25 elementor-top-column elementor-element elementor-element-b51039c\" data-id=\"b51039c\" data-element_type=\"column\" data-e-type=\"column\">\n\t\t\t<div class=\"elementor-widget-wrap elementor-element-populated\">\n\t\t\t\t\t\t<div class=\"elementor-element elementor-element-a84c43a elementor-widget__width-initial elementor-widget elementor-widget-text-editor\" data-id=\"a84c43a\" data-element_type=\"widget\" data-e-type=\"widget\" data-widget_type=\"text-editor.default\">\n\t\t\t\t<div class=\"elementor-widget-container\">\n\t\t\t\t\t\t\t\t\t<p>Communication : <strong>Laurent VILDARY<\/strong><br \/><a href=\"mailto:communication@carnavaldetoulouse.fr\">communication@carnavaldetoulouse.fr<\/a><br \/>T. 06 63 01 18 21<\/p><p>Relations presse<\/p>\t\t\t\t\t\t\t\t<\/div>\n\t\t\t\t<\/div>\n\t\t\t\t<div class=\"elementor-element elementor-element-f866cb5 elementor-widget elementor-widget-text-editor\" data-id=\"f866cb5\" data-element_type=\"widget\" data-e-type=\"widget\" data-widget_type=\"text-editor.default\">\n\t\t\t\t<div class=\"elementor-widget-container\">\n\t\t\t\t\t\t\t\t\t<p><strong>ESPACE PRESSE <a href=\"https:\/\/carnavaldetoulouse.fr\/SiteCarnaval\/espace-presse\/\">&gt;&gt;&gt;<\/a><\/strong><\/p>\t\t\t\t\t\t\t\t<\/div>\n\t\t\t\t<\/div>\n\t\t\t\t\t<\/div>\n\t\t<\/div>\n\t\t\t\t\t<\/div>\n\t\t<\/section>\n\t\t\t\t<section class=\"elementor-section elementor-top-section elementor-element elementor-element-8b938ea elementor-section-boxed elementor-section-height-default elementor-section-height-default\" data-id=\"8b938ea\" data-element_type=\"section\" data-e-type=\"section\">\n\t\t\t\t\t\t<div class=\"elementor-container elementor-column-gap-default\">\n\t\t\t\t\t<div class=\"elementor-column elementor-col-100 elementor-top-column elementor-element elementor-element-02132f7\" data-id=\"02132f7\" data-element_type=\"column\" data-e-type=\"column\">\n\t\t\t<div class=\"elementor-widget-wrap elementor-element-populated\">\n\t\t\t\t\t\t<div class=\"elementor-element elementor-element-4901efe elementor-widget elementor-widget-text-editor\" data-id=\"4901efe\" data-element_type=\"widget\" data-e-type=\"widget\" data-widget_type=\"text-editor.default\">\n\t\t\t\t<div class=\"elementor-widget-container\">\n\t\t\t\t\t\t\t\t\t<p><strong>Le COCU <\/strong>(Comit\u00e9 d\u2019Organisation du Carnaval Unifi\u00e9)<br \/>38 rue Roquelaine, 31000 Toulouse<br \/>Association loi 1901 \/ Siret n\u00b0 539 402 966 00011 \/ code APE : 9499Z<\/p>\t\t\t\t\t\t\t\t<\/div>\n\t\t\t\t<\/div>\n\t\t\t\t\t<\/div>\n\t\t<\/div>\n\t\t\t\t\t<\/div>\n\t\t<\/section>\n\t\t\t\t<section class=\"elementor-section elementor-top-section elementor-element elementor-element-90fcb57 elementor-section-boxed elementor-section-height-default elementor-section-height-default\" data-id=\"90fcb57\" data-element_type=\"section\" data-e-type=\"section\">\n\t\t\t\t\t\t<div class=\"elementor-container elementor-column-gap-default\">\n\t\t\t\t\t<div class=\"elementor-column elementor-col-100 elementor-top-column elementor-element elementor-element-f7391da\" data-id=\"f7391da\" data-element_type=\"column\" data-e-type=\"column\">\n\t\t\t<div class=\"elementor-widget-wrap elementor-element-populated\">\n\t\t\t\t\t\t<div class=\"elementor-element elementor-element-78b9e09 elementor-widget elementor-widget-text-editor\" data-id=\"78b9e09\" data-element_type=\"widget\" data-e-type=\"widget\" data-widget_type=\"text-editor.default\">\n\t\t\t\t<div class=\"elementor-widget-container\">\n\t\t\t\t\t\t\t\t\t<h3>Retrouvez-nous sur les r\u00e9seaux sociaux&#8230;<\/h3>\t\t\t\t\t\t\t\t<\/div>\n\t\t\t\t<\/div>\n\t\t\t\t\t<\/div>\n\t\t<\/div>\n\t\t\t\t\t<\/div>\n\t\t<\/section>\n\t\t\t\t<section class=\"elementor-section elementor-top-section elementor-element elementor-element-74da1d2 elementor-section-boxed elementor-section-height-default elementor-section-height-default\" data-id=\"74da1d2\" data-element_type=\"section\" data-e-type=\"section\">\n\t\t\t\t\t\t<div class=\"elementor-container elementor-column-gap-default\">\n\t\t\t\t\t<div class=\"elementor-column elementor-col-100 elementor-top-column elementor-element elementor-element-1bed173\" data-id=\"1bed173\" data-element_type=\"column\" data-e-type=\"column\">\n\t\t\t<div class=\"elementor-widget-wrap elementor-element-populated\">\n\t\t\t\t\t\t<div class=\"elementor-element elementor-element-e7d068d elementor-shape-rounded elementor-grid-0 e-grid-align-center elementor-widget elementor-widget-social-icons\" data-id=\"e7d068d\" data-element_type=\"widget\" data-e-type=\"widget\" data-widget_type=\"social-icons.default\">\n\t\t\t\t<div class=\"elementor-widget-container\">\n\t\t\t\t\t\t\t<div class=\"elementor-social-icons-wrapper elementor-grid\" role=\"list\">\n\t\t\t\t\t\t\t<span class=\"elementor-grid-item\" role=\"listitem\">\n\t\t\t\t\t<a class=\"elementor-icon elementor-social-icon elementor-social-icon-facebook elementor-repeater-item-aea2b72\" href=\"https:\/\/www.facebook.com\/CarnavalToulouse\" target=\"_blank\">\n\t\t\t\t\t\t<span class=\"elementor-screen-only\">Facebook<\/span>\n\t\t\t\t\t\t<i aria-hidden=\"true\" class=\"fab fa-facebook\"><\/i>\t\t\t\t\t<\/a>\n\t\t\t\t<\/span>\n\t\t\t\t\t\t\t<span class=\"elementor-grid-item\" role=\"listitem\">\n\t\t\t\t\t<a class=\"elementor-icon elementor-social-icon elementor-social-icon-instagram elementor-repeater-item-708c93d\" href=\"https:\/\/www.instagram.com\/carnavaldetoulouse\/\" target=\"_blank\">\n\t\t\t\t\t\t<span class=\"elementor-screen-only\">Instagram<\/span>\n\t\t\t\t\t\t<i aria-hidden=\"true\" class=\"fab fa-instagram\"><\/i>\t\t\t\t\t<\/a>\n\t\t\t\t<\/span>\n\t\t\t\t\t\t\t<span class=\"elementor-grid-item\" role=\"listitem\">\n\t\t\t\t\t<a class=\"elementor-icon elementor-social-icon elementor-social-icon-youtube elementor-repeater-item-1b6ada8\" href=\"https:\/\/www.youtube.com\/@CarnavaldeToulouse\" target=\"_blank\">\n\t\t\t\t\t\t<span class=\"elementor-screen-only\">Youtube<\/span>\n\t\t\t\t\t\t<i aria-hidden=\"true\" class=\"fab fa-youtube\"><\/i>\t\t\t\t\t<\/a>\n\t\t\t\t<\/span>\n\t\t\t\t\t\t\t<span class=\"elementor-grid-item\" role=\"listitem\">\n\t\t\t\t\t<a class=\"elementor-icon elementor-social-icon elementor-social-icon-linkedin elementor-repeater-item-c5dd824\" href=\"https:\/\/www.linkedin.com\/company\/carnaval-de-toulouse\/posts\/?feedView=all\" target=\"_blank\">\n\t\t\t\t\t\t<span class=\"elementor-screen-only\">Linkedin<\/span>\n\t\t\t\t\t\t<i aria-hidden=\"true\" class=\"fab fa-linkedin\"><\/i>\t\t\t\t\t<\/a>\n\t\t\t\t<\/span>\n\t\t\t\t\t\t\t<span class=\"elementor-grid-item\" role=\"listitem\">\n\t\t\t\t\t<a class=\"elementor-icon elementor-social-icon elementor-social-icon- elementor-repeater-item-f172969\" href=\"https:\/\/bsky.app\/profile\/carnavaldetoulouse.bsky.social\" target=\"_blank\">\n\t\t\t\t\t\t<span class=\"elementor-screen-only\"><\/span>\n\t\t\t\t\t\t<svg xmlns=\"http:\/\/www.w3.org\/2000\/svg\" width=\"36\" height=\"32\" viewBox=\"0 0 360 320\" fill=\"none\"><path d=\"M254.896 184.158C252.81 183.926 250.733 183.645 248.671 183.315C250.773 183.574 252.849 183.855 254.896 184.158Z\" fill=\"white\"><\/path><path d=\"M180 141.964C163.699 110.262 119.308 51.1817 78.0347 22.044C38.4971 -5.86834 23.414 -1.03207 13.526 3.43594C2.08093 8.60755 0 26.1785 0 36.5164C0 46.8542 5.66748 121.272 9.36416 133.694C21.5786 174.738 65.0603 188.607 105.104 184.156C107.151 183.852 109.227 183.572 111.329 183.312C109.267 183.642 107.19 183.924 105.104 184.156C46.4204 192.847 -5.69621 214.233 62.6582 290.33C137.848 368.18 165.705 273.637 180 225.702C194.295 273.637 210.76 364.771 295.995 290.33C360 225.702 313.58 192.85 254.896 184.158C252.81 183.926 250.733 183.645 248.671 183.315C250.773 183.574 252.849 183.855 254.896 184.158C294.94 188.61 338.421 174.74 350.636 133.697C354.333 121.275 360 46.8568 360 36.519C360 26.1811 357.919 8.61012 346.474 3.43851C336.586 -1.02949 321.503 -5.86576 281.965 22.0466C240.692 51.1843 196.301 110.262 180 141.964Z\" fill=\"#295ef6\"><\/path><\/svg>\t\t\t\t\t<\/a>\n\t\t\t\t<\/span>\n\t\t\t\t\t<\/div>\n\t\t\t\t\t\t<\/div>\n\t\t\t\t<\/div>\n\t\t\t\t\t<\/div>\n\t\t<\/div>\n\t\t\t\t\t<\/div>\n\t\t<\/section>\n\t\t\t\t<section class=\"elementor-section elementor-top-section elementor-element elementor-element-52951e1 elementor-section-boxed elementor-section-height-default elementor-section-height-default\" data-id=\"52951e1\" data-element_type=\"section\" data-e-type=\"section\">\n\t\t\t\t\t\t<div class=\"elementor-container elementor-column-gap-default\">\n\t\t\t\t\t<div class=\"elementor-column elementor-col-100 elementor-top-column elementor-element elementor-element-0a9aa13\" data-id=\"0a9aa13\" data-element_type=\"column\" data-e-type=\"column\">\n\t\t\t<div class=\"elementor-widget-wrap elementor-element-populated\">\n\t\t\t\t\t\t<div class=\"elementor-element elementor-element-52d2e6d elementor-widget elementor-widget-spacer\" data-id=\"52d2e6d\" data-element_type=\"widget\" data-e-type=\"widget\" data-widget_type=\"spacer.default\">\n\t\t\t\t<div class=\"elementor-widget-container\">\n\t\t\t\t\t\t\t<div class=\"elementor-spacer\">\n\t\t\t<div class=\"elementor-spacer-inner\"><\/div>\n\t\t<\/div>\n\t\t\t\t\t\t<\/div>\n\t\t\t\t<\/div>\n\t\t\t\t\t<\/div>\n\t\t<\/div>\n\t\t\t\t\t<\/div>\n\t\t<\/section>\n\t\t\t\t<\/div>\n\t\t","protected":false},"excerpt":{"rendered":"<p>Contact Contact asso.lecocu@gmail.com Directrice : Clarissa D\u00c9SIRasso.lecocu@gmail.comT. 06 63 84 12 61 Informations g\u00e9n\u00e9rales, partenariats, organisation&#8230; Communication : Laurent VILDARYcommunication@carnavaldetoulouse.frT. 06 63 01 18 21 Relations presse ESPACE PRESSE &gt;&gt;&gt; Le COCU (Comit\u00e9 d\u2019Organisation du Carnaval Unifi\u00e9)38 rue Roquelaine, 31000 ToulouseAssociation loi 1901 \/ Siret n\u00b0 539 402 966 00011 \/ code APE : 9499Z [&hellip;]<\/p>\n","protected":false},"author":2,"featured_media":0,"parent":0,"menu_order":6,"comment_status":"closed","ping_status":"closed","template":"elementor_header_footer","meta":{"footnotes":""},"class_list":["post-125","page","type-page","status-publish","hentry"],"_links":{"self":[{"href":"https:\/\/carnavaldetoulouse.fr\/SiteCarnaval\/wp-json\/wp\/v2\/pages\/125","targetHints":{"allow":["GET"]}}],"collection":[{"href":"https:\/\/carnavaldetoulouse.fr\/SiteCarnaval\/wp-json\/wp\/v2\/pages"}],"about":[{"href":"https:\/\/carnavaldetoulouse.fr\/SiteCarnaval\/wp-json\/wp\/v2\/types\/page"}],"author":[{"embeddable":true,"href":"https:\/\/carnavaldetoulouse.fr\/SiteCarnaval\/wp-json\/wp\/v2\/users\/2"}],"replies":[{"embeddable":true,"href":"https:\/\/carnavaldetoulouse.fr\/SiteCarnaval\/wp-json\/wp\/v2\/comments?post=125"}],"version-history":[{"count":72,"href":"https:\/\/carnavaldetoulouse.fr\/SiteCarnaval\/wp-json\/wp\/v2\/pages\/125\/revisions"}],"predecessor-version":[{"id":5869,"href":"https:\/\/carnavaldetoulouse.fr\/SiteCarnaval\/wp-json\/wp\/v2\/pages\/125\/revisions\/5869"}],"wp:attachment":[{"href":"https:\/\/carnavaldetoulouse.fr\/SiteCarnaval\/wp-json\/wp\/v2\/media?parent=125"}],"curies":[{"name":"wp","href":"https:\/\/api.w.org\/{rel}","templated":true}]}}